{"id":18,"date":"2014-07-22T22:24:23","date_gmt":"2014-07-22T20:24:23","guid":{"rendered":"http:\/\/testovh.c-systemcloud.com:8081\/?page_id=18"},"modified":"2016-04-06T20:35:35","modified_gmt":"2016-04-06T18:35:35","slug":"azienda","status":"publish","type":"page","link":"https:\/\/samasistemi.com\/site\/azienda\/","title":{"rendered":"Azienda"},"content":{"rendered":"<div class=\"flex_column av_one_full first  \"><section class=\"av_textblock_section\"  itemscope=\"itemscope\" itemtype=\"https:\/\/schema.org\/CreativeWork\" ><div class='avia_textblock '  itemprop=\"text\" ><blockquote>\n<p><strong>Sama<\/strong>\u00a0\u00e9 una storia di manovelle e tanti rumori per emettere uno scontrino, un touch screen senza ventola e Francesco Mattia che crede sempre pi\u00f9 in questo settore nonostante le cannonate di politici isterici ed una economia povera e ballerina.<\/p>\n<\/blockquote>\n<\/div><\/section><br \/>\n<div  class='hr hr-default '><span class='hr-inner'><span class='hr-inner-style'><\/span><\/span><\/div><\/p>\n<section class=\"av_textblock_section\"  itemscope=\"itemscope\" itemtype=\"https:\/\/schema.org\/CreativeWork\" ><div class='avia_textblock '  itemprop=\"text\" ><div style=\"text-align: justify;\">\n<p>Il tutto nasce da pi\u00f9 di trent\u00b4anni intorno all\u00b4obbiettivo malcelato di riuscire un giorno a primeggiare.<\/p>\n<p>La <strong>Sama<\/strong> non conosce la sua posizione in classifica ma, di sicuro primeggia!<\/p>\n<p>Da sempre primeggia anticipando gli eventi e costituendo &#8220;il riferimento&#8221; talvolta scomodo per dei produttori di articoli ma non di idee.<\/p>\n<p>La <strong>Sama<\/strong> ha sempre un\u00b4idea vincente ed uno staff con una marcia in pi\u00f9!!<\/p>\n<p>La <strong>Sama<\/strong> ha sempre l\u00b4umilt\u00e1 del primo giorno e le idee del successivo.<\/p>\n<p>Sama \u00e9 un leader assoluto di cui si sentir\u00e1 parlare per moltissimi anni affinch\u00e9 si possa servire clientela sempre pi\u00f9 esigente e selezionata che non voglia mai spendere pi\u00fa del dovuto.<\/p>\n<\/div>\n<\/div><\/section>\n<\/div>\n","protected":false},"excerpt":{"rendered":"","protected":false},"author":1,"featured_media":0,"parent":0,"menu_order":0,"comment_status":"open","ping_status":"open","template":"","meta":[],"_links":{"self":[{"href":"https:\/\/samasistemi.com\/site\/wp-json\/wp\/v2\/pages\/18"}],"collection":[{"href":"https:\/\/samasistemi.com\/site\/wp-json\/wp\/v2\/pages"}],"about":[{"href":"https:\/\/samasistemi.com\/site\/wp-json\/wp\/v2\/types\/page"}],"author":[{"embeddable":true,"href":"https:\/\/samasistemi.com\/site\/wp-json\/wp\/v2\/users\/1"}],"replies":[{"embeddable":true,"href":"https:\/\/samasistemi.com\/site\/wp-json\/wp\/v2\/comments?post=18"}],"version-history":[{"count":2,"href":"https:\/\/samasistemi.com\/site\/wp-json\/wp\/v2\/pages\/18\/revisions"}],"predecessor-version":[{"id":499,"href":"https:\/\/samasistemi.com\/site\/wp-json\/wp\/v2\/pages\/18\/revisions\/499"}],"wp:attachment":[{"href":"https:\/\/samasistemi.com\/site\/wp-json\/wp\/v2\/media?parent=18"}],"curies":[{"name":"wp","href":"https:\/\/api.w.org\/{rel}","templated":true}]}}